{"id":1620,"date":"2024-07-03T11:47:41","date_gmt":"2024-07-03T11:47:41","guid":{"rendered":"https:\/\/manualy.virtualsystems.sk\/?page_id=1620"},"modified":"2024-07-25T07:19:23","modified_gmt":"2024-07-25T07:19:23","slug":"komunikacny-manual","status":"publish","type":"page","link":"https:\/\/manualy-trencin2026.eu\/en\/komunikacny-manual\/","title":{"rendered":"Communication Manual"},"content":{"rendered":"<figure class=\"wp-block-image size-large\"><img loading=\"lazy\" decoding=\"async\" width=\"1024\" height=\"273\" src=\"https:\/\/manualy-trencin2026.eu\/wp-content\/uploads\/2024\/07\/com-manual.png\" alt=\"\" class=\"wp-image-1738\" srcset=\"https:\/\/manualy-trencin2026.eu\/wp-content\/uploads\/2024\/07\/com-manual.png 2375w, https:\/\/manualy-trencin2026.eu\/wp-content\/uploads\/2024\/07\/com-manual-300x80.png 300w, https:\/\/manualy-trencin2026.eu\/wp-content\/uploads\/2024\/07\/com-manual-1024x273.png 1024w, https:\/\/manualy-trencin2026.eu\/wp-content\/uploads\/2024\/07\/com-manual-768x205.png 768w, https:\/\/manualy-trencin2026.eu\/wp-content\/uploads\/2024\/07\/com-manual-1536x410.png 1536w, https:\/\/manualy-trencin2026.eu\/wp-content\/uploads\/2024\/07\/com-manual-2048x547.png 2048w, https:\/\/manualy-trencin2026.eu\/wp-content\/uploads\/2024\/07\/com-manual-18x5.png 18w\" sizes=\"(max-width: 1024px) 100vw, 1024px\" \/><\/figure>\n\n\n\n<p>This manual contains rules for all those who communicate the brand of the European Capital of Culture Tren\u010d\u00edn 2026.<\/p>\n\n\n\n<p>We believe it will help us build a strong, dynamic, and memorable brand that will resonate not only in Tren\u010d\u00edn but also across Europe.<\/p>\n\n\n\n<p><\/p>\n\n\n\n<p><\/p>\n\n\n\n<div class=\"wp-block-buttons is-layout-flex wp-block-buttons-is-layout-flex\">\n<div class=\"wp-block-button has-custom-width wp-block-button__width-100 is-style-outline\"><a class=\"wp-block-button__link wp-element-button\" href=\"https:\/\/manualy-trencin2026.eu\/wp-content\/uploads\/2024\/07\/Communication-manual-Trencin-2026.pdf\" style=\"border-radius:0px\"><strong>Communication manual<\/strong><\/a><\/div>\n<\/div>","protected":false},"excerpt":{"rendered":"<p>Tento manu\u00e1l obsahuje pravidl\u00e1 pre v\u0161etky\u0301ch, ktor\u00ed komunikuj\u00fa zna\u010dku Eur\u00f3pskeho hlavn\u00e9ho mesta kult\u00fary Tren\u010d\u00edn 2026. Ver\u00edme, \u017ee n\u00e1m pom\u00f4\u017ee budova\u0165 siln\u00fa, dynamick\u00fa a zapam\u00e4tate\u013en\u00fa zna\u010dku, ktor\u00e1 zarezonuje nielen v Tren\u010d\u00edne, ale aj v Eur\u00f3pe.<\/p>","protected":false},"author":4,"featured_media":0,"parent":0,"menu_order":4,"comment_status":"closed","ping_status":"closed","template":"","meta":{"_themeisle_gutenberg_block_has_review":false,"footnotes":""},"_links":{"self":[{"href":"https:\/\/manualy-trencin2026.eu\/en\/wp-json\/wp\/v2\/pages\/1620"}],"collection":[{"href":"https:\/\/manualy-trencin2026.eu\/en\/wp-json\/wp\/v2\/pages"}],"about":[{"href":"https:\/\/manualy-trencin2026.eu\/en\/wp-json\/wp\/v2\/types\/page"}],"author":[{"embeddable":true,"href":"https:\/\/manualy-trencin2026.eu\/en\/wp-json\/wp\/v2\/users\/4"}],"replies":[{"embeddable":true,"href":"https:\/\/manualy-trencin2026.eu\/en\/wp-json\/wp\/v2\/comments?post=1620"}],"version-history":[{"count":13,"href":"https:\/\/manualy-trencin2026.eu\/en\/wp-json\/wp\/v2\/pages\/1620\/revisions"}],"predecessor-version":[{"id":1788,"href":"https:\/\/manualy-trencin2026.eu\/en\/wp-json\/wp\/v2\/pages\/1620\/revisions\/1788"}],"wp:attachment":[{"href":"https:\/\/manualy-trencin2026.eu\/en\/wp-json\/wp\/v2\/media?parent=1620"}],"curies":[{"name":"wp","href":"https:\/\/api.w.org\/{rel}","templated":true}]}}