{"id":1423,"date":"2024-04-05T11:46:25","date_gmt":"2024-04-05T11:46:25","guid":{"rendered":"https:\/\/manualy.virtualsystems.sk\/?page_id=1423"},"modified":"2024-04-29T09:10:12","modified_gmt":"2024-04-29T09:10:12","slug":"home-page","status":"publish","type":"page","link":"https:\/\/manualy-trencin2026.eu\/en\/","title":{"rendered":"Manuals Tren\u010d\u00edn 2026"},"content":{"rendered":"<figure class=\"wp-block-image size-large is-resized\"><img loading=\"lazy\" decoding=\"async\" width=\"1024\" height=\"517\" src=\"https:\/\/manualy-trencin2026.eu\/wp-content\/uploads\/2024\/05\/manuals-1024x517-1.png\" alt=\"\" class=\"wp-image-1667\" style=\"width:665px;height:auto\" srcset=\"https:\/\/manualy-trencin2026.eu\/wp-content\/uploads\/2024\/05\/manuals-1024x517-1.png 4267w, https:\/\/manualy-trencin2026.eu\/wp-content\/uploads\/2024\/05\/manuals-1024x517-1-300x144.png 300w, https:\/\/manualy-trencin2026.eu\/wp-content\/uploads\/2024\/05\/manuals-1024x517-1-1024x491.png 1024w, https:\/\/manualy-trencin2026.eu\/wp-content\/uploads\/2024\/05\/manuals-1024x517-1-768x368.png 768w, https:\/\/manualy-trencin2026.eu\/wp-content\/uploads\/2024\/05\/manuals-1024x517-1-1536x736.png 1536w, https:\/\/manualy-trencin2026.eu\/wp-content\/uploads\/2024\/05\/manuals-1024x517-1-2048x981.png 2048w, https:\/\/manualy-trencin2026.eu\/wp-content\/uploads\/2024\/05\/manuals-1024x517-1-18x9.png 18w\" sizes=\"(max-width: 1024px) 100vw, 1024px\" \/><\/figure>\n\n\n\n<p>Thanks to simple and clear manuals, we can together turn every vision into the European Capital of Culture 2026.<\/p>\n\n\n\n<p>Explore them all and let's create a unified team!<\/p>","protected":false},"excerpt":{"rendered":"<p>V\u010faka jednoduch\u00fdm a jasn\u00fdm manu\u00e1lom spolu dok\u00e1\u017eeme premeni\u0165 ka\u017ed\u00fa v\u00edziu na Eur\u00f3pske hlavn\u00e9 mesto kult\u00fary 2026. Presk\u00famajte ich v\u0161etky a&nbsp;vytvorme jednotn\u00fd t\u00edm!<\/p>","protected":false},"author":1,"featured_media":0,"parent":0,"menu_order":1,"comment_status":"closed","ping_status":"closed","template":"","meta":{"_themeisle_gutenberg_block_has_review":false,"footnotes":""},"_links":{"self":[{"href":"https:\/\/manualy-trencin2026.eu\/en\/wp-json\/wp\/v2\/pages\/1423"}],"collection":[{"href":"https:\/\/manualy-trencin2026.eu\/en\/wp-json\/wp\/v2\/pages"}],"about":[{"href":"https:\/\/manualy-trencin2026.eu\/en\/wp-json\/wp\/v2\/types\/page"}],"author":[{"embeddable":true,"href":"https:\/\/manualy-trencin2026.eu\/en\/wp-json\/wp\/v2\/users\/1"}],"replies":[{"embeddable":true,"href":"https:\/\/manualy-trencin2026.eu\/en\/wp-json\/wp\/v2\/comments?post=1423"}],"version-history":[{"count":7,"href":"https:\/\/manualy-trencin2026.eu\/en\/wp-json\/wp\/v2\/pages\/1423\/revisions"}],"predecessor-version":[{"id":1669,"href":"https:\/\/manualy-trencin2026.eu\/en\/wp-json\/wp\/v2\/pages\/1423\/revisions\/1669"}],"wp:attachment":[{"href":"https:\/\/manualy-trencin2026.eu\/en\/wp-json\/wp\/v2\/media?parent=1423"}],"curies":[{"name":"wp","href":"https:\/\/api.w.org\/{rel}","templated":true}]}}